{"id":317,"date":"2019-05-25T21:05:30","date_gmt":"2019-05-25T21:05:30","guid":{"rendered":"http:\/\/nardini-kampa.com\/?page_id=317"},"modified":"2019-05-27T20:22:59","modified_gmt":"2019-05-27T20:22:59","slug":"architektur","status":"publish","type":"page","link":"https:\/\/www.nardini-kampa.com\/?page_id=317","title":{"rendered":"Architektur"},"content":{"rendered":"\n<p style=\"text-align:left\">Wir planen und realisieren Projekte in fast jeder Gr\u00f6\u00dfe und Lage.<br>Unsere langj\u00e4hrige Erfahrung ist die Garantie f\u00fcr den Erfolg Ihres Projektes. Als Energieeffizienz-Experten k\u00f6nnen wir von Beginn an energiesparend planen und Zusch\u00fcsse aus F\u00f6rderungsmitteln der KFW und des BAFA beschaffen. Eine \u00dcbersicht aktueller und fr\u00fcherer Projekt finden Sie in unserem <br>Archiv. <\/p>\n","protected":false},"excerpt":{"rendered":"<p>Wir planen und realisieren Projekte in fast jeder Gr\u00f6\u00dfe und Lage.Unsere langj\u00e4hrige Erfahrung ist die Garantie f\u00fcr den Erfolg Ihres Projektes. Als Energieeffizienz-Experten k\u00f6nnen wir von Beginn an energiesparend planen und Zusch\u00fcsse aus F\u00f6rderungsmitteln der KFW und des BAFA beschaffen. Eine \u00dcbersicht aktueller und fr\u00fcherer Projekt finden Sie in unserem Archiv.<\/p>\n","protected":false},"author":1,"featured_media":272,"parent":0,"menu_order":0,"comment_status":"closed","ping_status":"closed","template":"","meta":[],"_links":{"self":[{"href":"https:\/\/www.nardini-kampa.com\/index.php?rest_route=\/wp\/v2\/pages\/317"}],"collection":[{"href":"https:\/\/www.nardini-kampa.com\/index.php?rest_route=\/wp\/v2\/pages"}],"about":[{"href":"https:\/\/www.nardini-kampa.com\/index.php?rest_route=\/wp\/v2\/types\/page"}],"author":[{"embeddable":true,"href":"https:\/\/www.nardini-kampa.com\/index.php?rest_route=\/wp\/v2\/users\/1"}],"replies":[{"embeddable":true,"href":"https:\/\/www.nardini-kampa.com\/index.php?rest_route=%2Fwp%2Fv2%2Fcomments&post=317"}],"version-history":[{"count":5,"href":"https:\/\/www.nardini-kampa.com\/index.php?rest_route=\/wp\/v2\/pages\/317\/revisions"}],"predecessor-version":[{"id":391,"href":"https:\/\/www.nardini-kampa.com\/index.php?rest_route=\/wp\/v2\/pages\/317\/revisions\/391"}],"wp:featuredmedia":[{"embeddable":true,"href":"https:\/\/www.nardini-kampa.com\/index.php?rest_route=\/wp\/v2\/media\/272"}],"wp:attachment":[{"href":"https:\/\/www.nardini-kampa.com\/index.php?rest_route=%2Fwp%2Fv2%2Fmedia&parent=317"}],"curies":[{"name":"wp","href":"https:\/\/api.w.org\/{rel}","templated":true}]}}