{"id":323,"date":"2019-05-25T21:41:58","date_gmt":"2019-05-25T21:41:58","guid":{"rendered":"http:\/\/nardini-kampa.com\/?page_id=323"},"modified":"2025-04-07T17:13:24","modified_gmt":"2025-04-07T17:13:24","slug":"geld-nicht-verheizen","status":"publish","type":"page","link":"https:\/\/www.nardini-kampa.com\/?page_id=323","title":{"rendered":"Geld nicht verheizen"},"content":{"rendered":"\n<p>Bis zu 70 % Zuschuss zahlt der Staat f\u00fcr die Umstellung alter Gas- oder \u00d6lheizung auf regenerative Energie  <br>und bis zu 20 % f\u00fcr D\u00e4mmma\u00dfnahmen am Geb\u00e4ude ( Dach, Au\u00dfenw\u00e4nde, Fenster, Kellerdecke ) <br>sowie f\u00fcr eine Erweiterung einer Wohnung oder eines Wohnhauses. <br>Diese Zuschussf\u00f6rderung und noch mehr vergibt das BAFA ( Bundesanstalt f\u00fcr Wirtschaft und Ausfuhrkontrolle ) und die KfW ( Kreditanstalt f\u00fcr Wiederaufbau ) zur F\u00f6rderung von Einzelma\u00dfnahmen f\u00fcr energieeffiziente Verbesserungen.<br><br>Noch mehr Zusch\u00fcsse sind bei Effizienzsanierung m\u00f6glich. Hierzu beraten wir Sie gerne ausf\u00fchrlich. <br><br>Wer, wie, was, wir beraten Sie als unabh\u00e4ngige und zugelassene Energie-Effizienz-Experten.<br>Rufen Sie einfach an 030 \u2013 25 35 98 37 oder info@nardini.biz<\/p>\n\n\n\n<p><\/p>\n\n\n\n<p><\/p>\n\n\n\n<p><\/p>\n\n\n\n<p><\/p>\n","protected":false},"excerpt":{"rendered":"<p>Bis zu 70 % Zuschuss zahlt der Staat f\u00fcr die Umstellung alter Gas- oder \u00d6lheizung auf regenerative Energie und bis zu 20 % f\u00fcr D\u00e4mmma\u00dfnahmen am Geb\u00e4ude ( Dach, Au\u00dfenw\u00e4nde, Fenster, Kellerdecke ) sowie f\u00fcr eine Erweiterung einer Wohnung oder eines Wohnhauses. Diese Zuschussf\u00f6rderung und noch mehr vergibt das BAFA ( Bundesanstalt f\u00fcr Wirtschaft und <a class=\"more-link\" href=\"https:\/\/www.nardini-kampa.com\/?page_id=323\">weiterlesen&#8230;<\/a><\/p>\n","protected":false},"author":1,"featured_media":273,"parent":0,"menu_order":0,"comment_status":"closed","ping_status":"closed","template":"","meta":[],"_links":{"self":[{"href":"https:\/\/www.nardini-kampa.com\/index.php?rest_route=\/wp\/v2\/pages\/323"}],"collection":[{"href":"https:\/\/www.nardini-kampa.com\/index.php?rest_route=\/wp\/v2\/pages"}],"about":[{"href":"https:\/\/www.nardini-kampa.com\/index.php?rest_route=\/wp\/v2\/types\/page"}],"author":[{"embeddable":true,"href":"https:\/\/www.nardini-kampa.com\/index.php?rest_route=\/wp\/v2\/users\/1"}],"replies":[{"embeddable":true,"href":"https:\/\/www.nardini-kampa.com\/index.php?rest_route=%2Fwp%2Fv2%2Fcomments&post=323"}],"version-history":[{"count":8,"href":"https:\/\/www.nardini-kampa.com\/index.php?rest_route=\/wp\/v2\/pages\/323\/revisions"}],"predecessor-version":[{"id":436,"href":"https:\/\/www.nardini-kampa.com\/index.php?rest_route=\/wp\/v2\/pages\/323\/revisions\/436"}],"wp:featuredmedia":[{"embeddable":true,"href":"https:\/\/www.nardini-kampa.com\/index.php?rest_route=\/wp\/v2\/media\/273"}],"wp:attachment":[{"href":"https:\/\/www.nardini-kampa.com\/index.php?rest_route=%2Fwp%2Fv2%2Fmedia&parent=323"}],"curies":[{"name":"wp","href":"https:\/\/api.w.org\/{rel}","templated":true}]}}